{"id":97,"date":"2025-10-09T18:09:55","date_gmt":"2025-10-09T16:09:55","guid":{"rendered":"https:\/\/www.padelescapecamp.hu\/home-2\/"},"modified":"2026-04-13T14:14:21","modified_gmt":"2026-04-13T12:14:21","slug":"home-2","status":"publish","type":"page","link":"https:\/\/www.padelescapecamp.hu\/en\/","title":{"rendered":"Padel t\u00e1bor Balin"},"content":{"rendered":"<div data-elementor-type=\"wp-page\" data-elementor-id=\"97\" class=\"elementor elementor-97\" data-elementor-post-type=\"page\">\n\t\t\t\t<section class=\"elementor-element elementor-element-f1a1f17 e-con-full hero e-flex e-con e-parent\" data-id=\"f1a1f17\" data-element_type=\"container\" data-e-type=\"container\">\n\t\t\t\t<div class=\"elementor-element elementor-element-e48026d elementor-widget elementor-widget-html\" data-id=\"e48026d\" data-element_type=\"widget\" data-e-type=\"widget\" data-widget_type=\"html.default\">\n\t\t\t\t\t<div class=\"light-dot dot1\"><\/div>\n<div class=\"light-dot-solid small dot5\"><\/div>\n<div class=\"light-dot-solid medium dot6\"><\/div>\n<div class=\"light-dot-solid large dot7\"><\/div>\n<div class=\"light-dot-solid small dot8\"><\/div>\t\t\t\t<\/div>\n\t\t<div class=\"elementor-element elementor-element-4a15eef e-flex e-con-boxed e-con e-child\" data-id=\"4a15eef\" data-element_type=\"container\" data-e-type=\"container\">\n\t\t\t\t\t<div class=\"e-con-inner\">\n\t\t<div class=\"elementor-element elementor-element-a080096 e-con-full e-flex e-con e-child\" data-id=\"a080096\" data-element_type=\"container\" data-e-type=\"container\">\n\t\t\t\t<div class=\"elementor-element elementor-element-eb855cb elementor-headline--style-highlight elementor-widget elementor-widget-animated-headline\" data-id=\"eb855cb\" data-element_type=\"widget\" data-e-type=\"widget\" data-settings=\"{&quot;marker&quot;:&quot;double&quot;,&quot;highlighted_text&quot;:&quot;padel \\u00e9lm\\u00e9ny\\u00e9t&quot;,&quot;headline_style&quot;:&quot;highlight&quot;,&quot;loop&quot;:&quot;yes&quot;,&quot;highlight_animation_duration&quot;:1200,&quot;highlight_iteration_delay&quot;:8000}\" data-widget_type=\"animated-headline.default\">\n\t\t\t\t\t\t\t<h1 class=\"elementor-headline\">\n\t\t\t\t\t<span class=\"elementor-headline-plain-text elementor-headline-text-wrapper\">\u00c9ld \u00e1t \u00e9leted <\/span>\n\t\t\t\t<span class=\"elementor-headline-dynamic-wrapper elementor-headline-text-wrapper\">\n\t\t\t\t\t<span class=\"elementor-headline-dynamic-text elementor-headline-text-active\">padel \u00e9lm\u00e9ny\u00e9t<\/span>\n\t\t\t\t<\/span>\n\t\t\t\t\t<span class=\"elementor-headline-plain-text elementor-headline-text-wrapper\">vel\u00fcnk!<\/span>\n\t\t\t\t\t<\/h1>\n\t\t\t\t\t\t<\/div>\n\t\t\t\t<div class=\"elementor-element elementor-element-4991206 elementor-widget elementor-widget-heading\" data-id=\"4991206\" data-element_type=\"widget\" data-e-type=\"widget\" data-widget_type=\"heading.default\">\n\t\t\t\t\t<h2 class=\"elementor-heading-title elementor-size-default\">\u2728Luxus, extra padel p\u00e1ly\u00e1k, \u00f6r\u00f6k ny\u00e1r - Gyere vel\u00fcnk Dubaiba! 2026<\/h2>\t\t\t\t<\/div>\n\t\t\t\t<div class=\"elementor-element elementor-element-874e40a elementor-widget elementor-widget-text-editor\" data-id=\"874e40a\" data-element_type=\"widget\" data-e-type=\"widget\" data-widget_type=\"text-editor.default\">\n\t\t\t\t\t\t\t\t\t<p>6 nap a csillog\u00e1s v\u00e1ros\u00e1ban, Dubaiban, edz\u00e9sek \u00e9s versenyek k\u00fcl\u00f6nleges p\u00e1ly\u00e1kon, extra programok \u00e9s a sivatag var\u00e1zslata, na, \u00e9s persze egy kis beach club hangulat&#8230;<\/p>\t\t\t\t\t\t\t\t<\/div>\n\t\t\t\t<div class=\"elementor-element elementor-element-99d2048 elementor-widget elementor-widget-heading\" data-id=\"99d2048\" data-element_type=\"widget\" data-e-type=\"widget\" data-widget_type=\"heading.default\">\n\t\t\t\t\t<h2 class=\"elementor-heading-title elementor-size-default\">\ud83c\udf34 \u00c9ld \u00e1t \u00e9leted padel \u00e9lm\u00e9ny\u00e9t vel\u00fcnk Balin! 2027<\/h2>\t\t\t\t<\/div>\n\t\t\t\t<div class=\"elementor-element elementor-element-19c5394 elementor-widget elementor-widget-text-editor\" data-id=\"19c5394\" data-element_type=\"widget\" data-e-type=\"widget\" data-widget_type=\"text-editor.default\">\n\t\t\t\t\t\t\t\t\t<p>10 nap a tr\u00f3pusokon, napi padel edz\u00e9sek profi edz\u0151kkel, tengerpart, dzsungel, bulik, k\u00f6z\u00f6ss\u00e9g \u00e9s extra programok.<br \/>Csatlakozz a legjobb padel-nyaral\u00e1shoz, amit valaha \u00e1t\u00e9lt\u00e9l!<\/p>\t\t\t\t\t\t\t\t<\/div>\n\t\t<div class=\"elementor-element elementor-element-b54930c e-con-full e-flex e-con e-child\" data-id=\"b54930c\" data-element_type=\"container\" data-e-type=\"container\">\n\t\t\t\t<div class=\"elementor-element elementor-element-f252ad9 elementor-mobile-align-justify elementor-widget-mobile__width-inherit elementor-widget elementor-widget-button\" data-id=\"f252ad9\" data-element_type=\"widget\" data-e-type=\"widget\" data-widget_type=\"button.default\">\n\t\t\t\t\t\t\t\t\t\t<a class=\"elementor-button elementor-button-link elementor-size-sm\" href=\"https:\/\/www.padelescapecamp.hu\/en\/kontakt\/\">\n\t\t\t\t\t\t<span class=\"elementor-button-content-wrapper\">\n\t\t\t\t\t\t\t\t\t<span class=\"elementor-button-text\">Apply now<\/span>\n\t\t\t\t\t<\/span>\n\t\t\t\t\t<\/a>\n\t\t\t\t\t\t\t\t<\/div>\n\t\t\t\t<div class=\"elementor-element elementor-element-d5d685e elementor-mobile-align-justify elementor-widget-mobile__width-inherit elementor-widget elementor-widget-button\" data-id=\"d5d685e\" data-element_type=\"widget\" data-e-type=\"widget\" data-widget_type=\"button.default\">\n\t\t\t\t\t\t\t\t\t\t<a class=\"elementor-button elementor-button-link elementor-size-sm\" href=\"https:\/\/www.padelescapecamp.hu\/wp-content\/uploads\/2026\/04\/padel-bali2027.pdf\" target=\"_blank\">\n\t\t\t\t\t\t<span class=\"elementor-button-content-wrapper\">\n\t\t\t\t\t\t\t\t\t<span class=\"elementor-button-text\">Information<\/span>\n\t\t\t\t\t<\/span>\n\t\t\t\t\t<\/a>\n\t\t\t\t\t\t\t\t<\/div>\n\t\t\t\t<\/div>\n\t\t\t\t<\/div>\n\t\t<div class=\"elementor-element elementor-element-b78c583 e-con-full e-flex e-con e-child\" data-id=\"b78c583\" data-element_type=\"container\" data-e-type=\"container\">\n\t\t\t\t<div class=\"elementor-element elementor-element-c94d971 circle-img elementor-widget elementor-widget-image\" data-id=\"c94d971\" data-element_type=\"widget\" data-e-type=\"widget\" data-widget_type=\"image.default\">\n\t\t\t\t\t\t\t\t\t\t\t\t\t\t\t<img fetchpriority=\"high\" decoding=\"async\" width=\"480\" height=\"384\" src=\"https:\/\/www.padelescapecamp.hu\/wp-content\/uploads\/2025\/10\/Sanur-Padel-Club-Bali_480x480-1.webp\" class=\"attachment-full size-full wp-image-195\" alt=\"\" srcset=\"https:\/\/www.padelescapecamp.hu\/wp-content\/uploads\/2025\/10\/Sanur-Padel-Club-Bali_480x480-1.webp 480w, https:\/\/www.padelescapecamp.hu\/wp-content\/uploads\/2025\/10\/Sanur-Padel-Club-Bali_480x480-1-300x240.webp 300w\" sizes=\"(max-width: 480px) 100vw, 480px\" \/>\t\t\t\t\t\t\t\t\t\t\t\t\t\t\t<\/div>\n\t\t\t\t<\/div>\n\t\t\t\t\t<\/div>\n\t\t\t\t<\/div>\n\t\t\t\t<\/section>\n\t\t<section class=\"elementor-element elementor-element-f3e4ef4 e-con-full e-flex e-con e-parent\" data-id=\"f3e4ef4\" data-element_type=\"container\" data-e-type=\"container\">\n\t\t<div class=\"elementor-element elementor-element-632b5e2 e-flex e-con-boxed e-con e-child\" data-id=\"632b5e2\" data-element_type=\"container\" data-e-type=\"container\">\n\t\t\t\t\t<div class=\"e-con-inner\">\n\t\t<div class=\"elementor-element elementor-element-7430700 e-con-full e-flex e-con e-child\" data-id=\"7430700\" data-element_type=\"container\" data-e-type=\"container\">\n\t\t\t\t<div class=\"elementor-element elementor-element-70dee8c circle-img elementor-widget elementor-widget-image\" data-id=\"70dee8c\" data-element_type=\"widget\" data-e-type=\"widget\" data-widget_type=\"image.default\">\n\t\t\t\t\t\t\t\t\t\t\t\t\t\t\t<img decoding=\"async\" width=\"1200\" height=\"800\" src=\"https:\/\/www.padelescapecamp.hu\/wp-content\/uploads\/2026\/02\/DSC03250-1.webp\" class=\"attachment-full size-full wp-image-612\" alt=\"\" srcset=\"https:\/\/www.padelescapecamp.hu\/wp-content\/uploads\/2026\/02\/DSC03250-1.webp 1200w, https:\/\/www.padelescapecamp.hu\/wp-content\/uploads\/2026\/02\/DSC03250-1-300x200.webp 300w, https:\/\/www.padelescapecamp.hu\/wp-content\/uploads\/2026\/02\/DSC03250-1-1024x683.webp 1024w, https:\/\/www.padelescapecamp.hu\/wp-content\/uploads\/2026\/02\/DSC03250-1-768x512.webp 768w, https:\/\/www.padelescapecamp.hu\/wp-content\/uploads\/2026\/02\/DSC03250-1-18x12.webp 18w\" sizes=\"(max-width: 1200px) 100vw, 1200px\" \/>\t\t\t\t\t\t\t\t\t\t\t\t\t\t\t<\/div>\n\t\t\t\t<\/div>\n\t\t<div class=\"elementor-element elementor-element-ba016d8 e-con-full e-flex e-con e-child\" data-id=\"ba016d8\" data-element_type=\"container\" data-e-type=\"container\">\n\t\t\t\t<div class=\"elementor-element elementor-element-1af4f56 elementor-widget elementor-widget-heading\" data-id=\"1af4f56\" data-element_type=\"widget\" data-e-type=\"widget\" data-widget_type=\"heading.default\">\n\t\t\t\t\t<h3 class=\"elementor-heading-title elementor-size-default\">Az els\u0151 Bali Camp hivatalosan is megt\u00f6rt\u00e9nt \u00e9s felejthetetlen volt.<\/h3>\t\t\t\t<\/div>\n\t\t\t\t<div class=\"elementor-element elementor-element-7d8cc22 elementor-widget elementor-widget-text-editor\" data-id=\"7d8cc22\" data-element_type=\"widget\" data-e-type=\"widget\" data-widget_type=\"text-editor.default\">\n\t\t\t\t\t\t\t\t\t<p>Megval\u00f3s\u00edtottuk az els\u0151 <strong>Padel Escape t\u00e1bort Balin<\/strong>, \u00e9s pontosan az t\u00f6rt\u00e9nt, amir\u0151l \u00e1lmodtunk:<br \/>kem\u00e9ny edz\u00e9sek, elk\u00e9peszt\u0151 hangulat, naplement\u00e9k, komoly meccsek, k\u00f6z\u00f6s vacsor\u00e1k, indon\u00e9z gasztro-\u00e9lm\u00e9nyek, dzsungel \u00e9lm\u00e9nyek, leny\u0171g\u00f6z\u0151 helysz\u00ednek, spiritu\u00e1lis programok \u00e9s \u00e9letre sz\u00f3l\u00f3 bar\u00e1ts\u00e1gok.<\/p><p>Ez nem csak egy edz\u0151t\u00e1bor volt. <br \/>Ez egy k\u00f6z\u00f6ss\u00e9gi \u00e9lm\u00e9ny volt <strong>a vil\u00e1g egyik legk\u00fcl\u00f6nlegesebb helysz\u00edn\u00e9n.<\/strong><\/p><p>N\u00e9zd meg az aftermovie-t \u00e9s \u00e9ld \u00e1t vel\u00fcnk \u00fajra 2027-ben!<\/p>\t\t\t\t\t\t\t\t<\/div>\n\t\t\t\t<\/div>\n\t\t\t\t\t<\/div>\n\t\t\t\t<\/div>\n\t\t\t\t<\/section>\n\t\t<section class=\"elementor-element elementor-element-400a461 e-flex e-con-boxed e-con e-parent\" data-id=\"400a461\" data-element_type=\"container\" data-e-type=\"container\">\n\t\t\t\t\t<div class=\"e-con-inner\">\n\t\t<div class=\"elementor-element elementor-element-e986a8e e-con-full e-flex e-con e-child\" data-id=\"e986a8e\" data-element_type=\"container\" data-e-type=\"container\">\n\t\t\t\t<div class=\"elementor-element elementor-element-29bad17 elementor-widget elementor-widget-video\" data-id=\"29bad17\" data-element_type=\"widget\" data-e-type=\"widget\" data-settings=\"{&quot;video_type&quot;:&quot;hosted&quot;,&quot;show_image_overlay&quot;:&quot;yes&quot;,&quot;image_overlay&quot;:{&quot;url&quot;:&quot;https:\\\/\\\/www.padelescapecamp.hu\\\/wp-content\\\/uploads\\\/2026\\\/02\\\/DSC01187.webp&quot;,&quot;id&quot;:607,&quot;size&quot;:&quot;&quot;,&quot;alt&quot;:&quot;&quot;,&quot;source&quot;:&quot;library&quot;},&quot;lightbox&quot;:&quot;yes&quot;,&quot;controls&quot;:&quot;yes&quot;}\" data-widget_type=\"video.default\">\n\t\t\t\t\t\t\t<div class=\"e-hosted-video elementor-wrapper elementor-open-lightbox\">\n\t\t\t\t\t\t\t<div class=\"elementor-custom-embed-image-overlay\" data-elementor-open-lightbox=\"yes\" data-elementor-lightbox=\"{&quot;type&quot;:&quot;video&quot;,&quot;videoType&quot;:&quot;hosted&quot;,&quot;url&quot;:&quot;https:\\\/\\\/www.padelescapecamp.hu\\\/wp-content\\\/uploads\\\/2026\\\/02\\\/Bali_highlight-1.mp4&quot;,&quot;autoplay&quot;:&quot;&quot;,&quot;modalOptions&quot;:{&quot;id&quot;:&quot;elementor-lightbox-29bad17&quot;,&quot;entranceAnimation&quot;:&quot;&quot;,&quot;entranceAnimation_tablet&quot;:&quot;&quot;,&quot;entranceAnimation_mobile&quot;:&quot;&quot;,&quot;videoAspectRatio&quot;:&quot;11&quot;},&quot;videoParams&quot;:{&quot;controls&quot;:&quot;&quot;,&quot;preload&quot;:&quot;metadata&quot;,&quot;controlsList&quot;:&quot;nodownload&quot;}}\" data-e-action-hash=\"#elementor-action%3Aaction%3Dlightbox%26settings%3DeyJ0eXBlIjoidmlkZW8iLCJ2aWRlb1R5cGUiOiJob3N0ZWQiLCJ1cmwiOiJodHRwczpcL1wvd3d3LnBhZGVsZXNjYXBlY2FtcC5odVwvd3AtY29udGVudFwvdXBsb2Fkc1wvMjAyNlwvMDJcL0JhbGlfaGlnaGxpZ2h0LTEubXA0IiwiYXV0b3BsYXkiOiIiLCJtb2RhbE9wdGlvbnMiOnsiaWQiOiJlbGVtZW50b3ItbGlnaHRib3gtMjliYWQxNyIsImVudHJhbmNlQW5pbWF0aW9uIjoiIiwiZW50cmFuY2VBbmltYXRpb25fdGFibGV0IjoiIiwiZW50cmFuY2VBbmltYXRpb25fbW9iaWxlIjoiIiwidmlkZW9Bc3BlY3RSYXRpbyI6IjExIn0sInZpZGVvUGFyYW1zIjp7ImNvbnRyb2xzIjoiIiwicHJlbG9hZCI6Im1ldGFkYXRhIiwiY29udHJvbHNMaXN0Ijoibm9kb3dubG9hZCJ9fQ%3D%3D\">\n\t\t\t\t\t\t\t\t\t\t\t<img decoding=\"async\" width=\"1200\" height=\"800\" src=\"https:\/\/www.padelescapecamp.hu\/wp-content\/uploads\/2026\/02\/DSC01187.webp\" class=\"attachment-full size-full wp-image-607\" alt=\"\" srcset=\"https:\/\/www.padelescapecamp.hu\/wp-content\/uploads\/2026\/02\/DSC01187.webp 1200w, https:\/\/www.padelescapecamp.hu\/wp-content\/uploads\/2026\/02\/DSC01187-300x200.webp 300w, https:\/\/www.padelescapecamp.hu\/wp-content\/uploads\/2026\/02\/DSC01187-1024x683.webp 1024w, https:\/\/www.padelescapecamp.hu\/wp-content\/uploads\/2026\/02\/DSC01187-768x512.webp 768w, https:\/\/www.padelescapecamp.hu\/wp-content\/uploads\/2026\/02\/DSC01187-18x12.webp 18w\" sizes=\"(max-width: 1200px) 100vw, 1200px\" \/>\t\t\t\t\t\t\t\t\t\t\t\t\t\t\t\t<div class=\"elementor-custom-embed-play\" role=\"button\" aria-label=\"Play Video\" tabindex=\"0\" data-no-translation-aria-label=\"\">\n\t\t\t\t\t\t\t<svg aria-hidden=\"true\" class=\"e-font-icon-svg e-eicon-play\" viewbox=\"0 0 1000 1000\" xmlns=\"http:\/\/www.w3.org\/2000\/svg\"><path d=\"M838 162C746 71 633 25 500 25 371 25 258 71 163 162 71 254 25 367 25 500 25 633 71 746 163 837 254 929 367 979 500 979 633 979 746 933 838 837 929 746 975 633 975 500 975 367 929 254 838 162M808 192C892 279 933 379 933 500 933 621 892 725 808 808 725 892 621 938 500 938 379 938 279 896 196 808 113 725 67 621 67 500 67 379 108 279 196 192 279 108 383 62 500 62 621 62 721 108 808 192M438 392V642L642 517 438 392Z\"><\/path><\/svg>\t\t\t\t\t\t<\/div>\n\t\t\t\t\t\t\t\t\t<\/div>\n\t\t\t\t\t<\/div>\n\t\t\t\t\t\t<\/div>\n\t\t\t\t<\/div>\n\t\t<div class=\"elementor-element elementor-element-7eff7d9 e-con-full e-flex e-con e-child\" data-id=\"7eff7d9\" data-element_type=\"container\" data-e-type=\"container\" data-settings=\"{&quot;background_background&quot;:&quot;classic&quot;}\">\n\t\t\t\t<div class=\"elementor-element elementor-element-c5ca420 elementor-widget elementor-widget-heading\" data-id=\"c5ca420\" data-element_type=\"widget\" data-e-type=\"widget\" data-widget_type=\"heading.default\">\n\t\t\t\t\t<h3 class=\"elementor-heading-title elementor-size-default\">Ilyen volt a Bali Padel Escape 2025<\/h3>\t\t\t\t<\/div>\n\t\t\t\t<div class=\"elementor-element elementor-element-5d88d1a elementor-widget elementor-widget-text-editor\" data-id=\"5d88d1a\" data-element_type=\"widget\" data-e-type=\"widget\" data-widget_type=\"text-editor.default\">\n\t\t\t\t\t\t\t\t\t<p data-start=\"1576\" data-end=\"1624\">N\u00e9zd meg, milyen volt az els\u0151 Bali Padel Escape!<\/p><p data-start=\"1626\" data-end=\"1632\">\u00a0<\/p>\t\t\t\t\t\t\t\t<\/div>\n\t\t\t\t<\/div>\n\t\t<div class=\"elementor-element elementor-element-f572a7c e-con-full e-flex e-con e-child\" data-id=\"f572a7c\" data-element_type=\"container\" data-e-type=\"container\">\n\t\t\t\t<div class=\"elementor-element elementor-element-fa464cc elementor-mobile-align-justify elementor-widget-mobile__width-inherit elementor-widget elementor-widget-button\" data-id=\"fa464cc\" data-element_type=\"widget\" data-e-type=\"widget\" data-widget_type=\"button.default\">\n\t\t\t\t\t\t\t\t\t\t<a class=\"elementor-button elementor-button-link elementor-size-sm\" href=\"https:\/\/www.padelescapecamp.hu\/en\/tabor\/\">\n\t\t\t\t\t\t<span class=\"elementor-button-content-wrapper\">\n\t\t\t\t\t\t\t\t\t<span class=\"elementor-button-text\">Tov\u00e1bbi inf\u00f3k<\/span>\n\t\t\t\t\t<\/span>\n\t\t\t\t\t<\/a>\n\t\t\t\t\t\t\t\t<\/div>\n\t\t\t\t<\/div>\n\t\t\t\t\t<\/div>\n\t\t\t\t<\/section>\n\t\t<section class=\"elementor-element elementor-element-5447c71 e-flex e-con-boxed e-con e-parent\" data-id=\"5447c71\" data-element_type=\"container\" data-e-type=\"container\">\n\t\t\t\t\t<div class=\"e-con-inner\">\n\t\t<div class=\"elementor-element elementor-element-8fc25ff e-con-full e-flex e-con e-child\" data-id=\"8fc25ff\" data-element_type=\"container\" data-e-type=\"container\">\n\t\t\t\t<div class=\"elementor-element elementor-element-afda82e elementor-widget elementor-widget-image\" data-id=\"afda82e\" data-element_type=\"widget\" data-e-type=\"widget\" data-widget_type=\"image.default\">\n\t\t\t\t\t\t\t\t\t\t\t\t\t\t\t<img loading=\"lazy\" decoding=\"async\" width=\"1200\" height=\"800\" src=\"https:\/\/www.padelescapecamp.hu\/wp-content\/uploads\/2026\/02\/DSC03491.webp\" class=\"attachment-full size-full wp-image-614\" alt=\"\" srcset=\"https:\/\/www.padelescapecamp.hu\/wp-content\/uploads\/2026\/02\/DSC03491.webp 1200w, https:\/\/www.padelescapecamp.hu\/wp-content\/uploads\/2026\/02\/DSC03491-300x200.webp 300w, https:\/\/www.padelescapecamp.hu\/wp-content\/uploads\/2026\/02\/DSC03491-1024x683.webp 1024w, https:\/\/www.padelescapecamp.hu\/wp-content\/uploads\/2026\/02\/DSC03491-768x512.webp 768w, https:\/\/www.padelescapecamp.hu\/wp-content\/uploads\/2026\/02\/DSC03491-18x12.webp 18w\" sizes=\"(max-width: 1200px) 100vw, 1200px\" \/>\t\t\t\t\t\t\t\t\t\t\t\t\t\t\t<\/div>\n\t\t\t\t<\/div>\n\t\t<div class=\"elementor-element elementor-element-c09eefc e-con-full e-flex e-con e-child\" data-id=\"c09eefc\" data-element_type=\"container\" data-e-type=\"container\" data-settings=\"{&quot;background_background&quot;:&quot;classic&quot;}\">\n\t\t\t\t<div class=\"elementor-element elementor-element-36253f5 elementor-widget elementor-widget-heading\" data-id=\"36253f5\" data-element_type=\"widget\" data-e-type=\"widget\" data-widget_type=\"heading.default\">\n\t\t\t\t\t<h2 class=\"elementor-heading-title elementor-size-default\">A k\u00f6vetkez\u0151 kaland m\u00e1r v\u00e1r!<\/h2>\t\t\t\t<\/div>\n\t\t\t\t<div class=\"elementor-element elementor-element-78528f1 elementor-widget elementor-widget-text-editor\" data-id=\"78528f1\" data-element_type=\"widget\" data-e-type=\"widget\" data-widget_type=\"text-editor.default\">\n\t\t\t\t\t\t\t\t\t<p>A Padel Escape nem \u00e1ll meg. K\u00e9t \u00faj, ikonikus helysz\u00edn m\u00e1r a napt\u00e1rban:<\/p><h4><img decoding=\"async\" class=\"an1\" draggable=\"false\" src=\"https:\/\/fonts.gstatic.com\/s\/e\/notoemoji\/17.0\/1f1e6_1f1ea\/32.png\" alt=\"\ud83c\udde6\ud83c\uddea\" data-emoji=\"\ud83c\udde6\ud83c\uddea\" aria-label=\"\ud83c\udde6\ud83c\uddea\" \/>\u00a0Dubai \u2013 2026 november<\/h4><p>Luxus k\u00f6rnyezet, top p\u00e1ly\u00e1k, sivatagi vibe, exkluz\u00edv programok.<\/p><h4><img decoding=\"async\" class=\"an1\" draggable=\"false\" src=\"https:\/\/fonts.gstatic.com\/s\/e\/notoemoji\/17.0\/1f1ee_1f1e9\/32.png\" alt=\"\ud83c\uddee\ud83c\udde9\" data-emoji=\"\ud83c\uddee\ud83c\udde9\" aria-label=\"\ud83c\uddee\ud83c\udde9\" \/>\u00a0Bali \u2013 2027 eleje<\/h4><p>Visszat\u00e9r\u00fcnk a dzsungelbe \u00e9s a beachre. M\u00e9g nagyobb \u00e9lm\u00e9nyekkel.\u00a0<\/p>\t\t\t\t\t\t\t\t<\/div>\n\t\t\t\t<\/div>\n\t\t\t\t\t<\/div>\n\t\t\t\t<\/section>\n\t\t<section class=\"elementor-element elementor-element-5a1f4ba e-con-full e-flex e-con e-parent\" data-id=\"5a1f4ba\" data-element_type=\"container\" data-e-type=\"container\">\n\t\t<div class=\"elementor-element elementor-element-03b02d6 e-flex e-con-boxed e-con e-child\" data-id=\"03b02d6\" data-element_type=\"container\" data-e-type=\"container\">\n\t\t\t\t\t<div class=\"e-con-inner\">\n\t\t<div class=\"elementor-element elementor-element-bc60261 e-con-full e-flex e-con e-child\" data-id=\"bc60261\" data-element_type=\"container\" data-e-type=\"container\">\n\t\t\t\t<div class=\"elementor-element elementor-element-96616e3 circle-img elementor-widget elementor-widget-image\" data-id=\"96616e3\" data-element_type=\"widget\" data-e-type=\"widget\" data-widget_type=\"image.default\">\n\t\t\t\t\t\t\t\t\t\t\t\t\t\t\t<img loading=\"lazy\" decoding=\"async\" width=\"1707\" height=\"2560\" src=\"https:\/\/www.padelescapecamp.hu\/wp-content\/uploads\/2025\/10\/DSC08194-scaled.webp\" class=\"attachment-full size-full wp-image-128\" alt=\"\" srcset=\"https:\/\/www.padelescapecamp.hu\/wp-content\/uploads\/2025\/10\/DSC08194-scaled.webp 1707w, https:\/\/www.padelescapecamp.hu\/wp-content\/uploads\/2025\/10\/DSC08194-200x300.webp 200w, https:\/\/www.padelescapecamp.hu\/wp-content\/uploads\/2025\/10\/DSC08194-683x1024.webp 683w, https:\/\/www.padelescapecamp.hu\/wp-content\/uploads\/2025\/10\/DSC08194-768x1152.webp 768w, https:\/\/www.padelescapecamp.hu\/wp-content\/uploads\/2025\/10\/DSC08194-1024x1536.webp 1024w, https:\/\/www.padelescapecamp.hu\/wp-content\/uploads\/2025\/10\/DSC08194-1365x2048.webp 1365w\" sizes=\"(max-width: 1707px) 100vw, 1707px\" \/>\t\t\t\t\t\t\t\t\t\t\t\t\t\t\t<\/div>\n\t\t\t\t<\/div>\n\t\t<div class=\"elementor-element elementor-element-b901d24 e-con-full e-flex e-con e-child\" data-id=\"b901d24\" data-element_type=\"container\" data-e-type=\"container\">\n\t\t\t\t<div class=\"elementor-element elementor-element-6026fa8 elementor-widget elementor-widget-heading\" data-id=\"6026fa8\" data-element_type=\"widget\" data-e-type=\"widget\" data-widget_type=\"heading.default\">\n\t\t\t\t\t<h3 class=\"elementor-heading-title elementor-size-default\">Biztos\u00edtsd a helyed a k\u00f6vetkez\u0151 kalandra!<\/h3>\t\t\t\t<\/div>\n\t\t\t\t<div class=\"elementor-element elementor-element-c94f834 elementor-widget elementor-widget-text-editor\" data-id=\"c94f834\" data-element_type=\"widget\" data-e-type=\"widget\" data-widget_type=\"text-editor.default\">\n\t\t\t\t\t\t\t\t\t<p>A helyek limit\u00e1ltak, \u00e9s az els\u0151 Bali camp gyorsan betelt.<\/p><p>Ha szeretn\u00e9l ott lenni Dubajban 2026-ban vagy Balin 2027-ben, \u00edrj nek\u00fcnk emailt, \u00e9s k\u00fcldj\u00fck az els\u0151 inform\u00e1ci\u00f3kat m\u00e9g a publikus megjelen\u00e9s el\u0151tt.<\/p><div><p><img loading=\"lazy\" decoding=\"async\" class=\"an1\" draggable=\"false\" src=\"https:\/\/fonts.gstatic.com\/s\/e\/notoemoji\/17.0\/1f4e9\/72.png\" alt=\"\ud83d\udce9\" width=\"18\" height=\"18\" data-emoji=\"\ud83d\udce9\" aria-label=\"\ud83d\udce9\" \/>\u00a0Jelentkez\u00e9s \/ inf\u00f3:\u00a0<a href=\"mailto:padelescapecamp@gmail.com\" target=\"_blank\" rel=\"noopener\">padelescapecamp@gmail.com<\/a><\/p><p><strong>Ne maradj le a k\u00f6vetkez\u0151 Padel Escape-r\u0151l!<\/strong><\/p><\/div>\t\t\t\t\t\t\t\t<\/div>\n\t\t\t\t<div class=\"elementor-element elementor-element-1138505 elementor-mobile-align-justify elementor-widget-mobile__width-inherit elementor-widget elementor-widget-button\" data-id=\"1138505\" data-element_type=\"widget\" data-e-type=\"widget\" data-widget_type=\"button.default\">\n\t\t\t\t\t\t\t\t\t\t<a class=\"elementor-button elementor-button-link elementor-size-sm\" href=\"https:\/\/www.padelescapecamp.hu\/en\/kontakt\/\">\n\t\t\t\t\t\t<span class=\"elementor-button-content-wrapper\">\n\t\t\t\t\t\t\t\t\t<span class=\"elementor-button-text\">Apply now<\/span>\n\t\t\t\t\t<\/span>\n\t\t\t\t\t<\/a>\n\t\t\t\t\t\t\t\t<\/div>\n\t\t\t\t<\/div>\n\t\t\t\t\t<\/div>\n\t\t\t\t<\/div>\n\t\t\t\t<\/section>\n\t\t\t\t<\/div>","protected":false},"excerpt":{"rendered":"<p>\u00c9ld \u00e1t \u00e9leted padel \u00e9lm\u00e9ny\u00e9t vel\u00fcnk! \u2728Luxus, extra padel p\u00e1ly\u00e1k, \u00f6r\u00f6k ny\u00e1r &#8211; Gyere vel\u00fcnk Dubaiba! 2026 6 nap a csillog\u00e1s v\u00e1ros\u00e1ban, Dubaiban, edz\u00e9sek \u00e9s versenyek k\u00fcl\u00f6nleges p\u00e1ly\u00e1kon, extra programok \u00e9s a sivatag var\u00e1zslata, na, \u00e9s persze egy kis beach club hangulat&#8230; \ud83c\udf34 \u00c9ld \u00e1t \u00e9leted padel \u00e9lm\u00e9ny\u00e9t vel\u00fcnk Balin! 2027 10 nap a tr\u00f3pusokon, [&hellip;]<\/p>\n","protected":false},"author":1,"featured_media":0,"parent":0,"menu_order":0,"comment_status":"closed","ping_status":"closed","template":"","meta":{"footnotes":""},"class_list":["post-97","page","type-page","status-publish","hentry"],"_links":{"self":[{"href":"https:\/\/www.padelescapecamp.hu\/en\/wp-json\/wp\/v2\/pages\/97","targetHints":{"allow":["GET"]}}],"collection":[{"href":"https:\/\/www.padelescapecamp.hu\/en\/wp-json\/wp\/v2\/pages"}],"about":[{"href":"https:\/\/www.padelescapecamp.hu\/en\/wp-json\/wp\/v2\/types\/page"}],"author":[{"embeddable":true,"href":"https:\/\/www.padelescapecamp.hu\/en\/wp-json\/wp\/v2\/users\/1"}],"replies":[{"embeddable":true,"href":"https:\/\/www.padelescapecamp.hu\/en\/wp-json\/wp\/v2\/comments?post=97"}],"version-history":[{"count":5,"href":"https:\/\/www.padelescapecamp.hu\/en\/wp-json\/wp\/v2\/pages\/97\/revisions"}],"predecessor-version":[{"id":727,"href":"https:\/\/www.padelescapecamp.hu\/en\/wp-json\/wp\/v2\/pages\/97\/revisions\/727"}],"wp:attachment":[{"href":"https:\/\/www.padelescapecamp.hu\/en\/wp-json\/wp\/v2\/media?parent=97"}],"curies":[{"name":"wp","href":"https:\/\/api.w.org\/{rel}","templated":true}]}}